{"id":54,"date":"2011-01-05T13:58:22","date_gmt":"2011-01-05T13:58:22","guid":{"rendered":"http:\/\/www.abadaportugal.org\/site\/?page_id=54"},"modified":"2023-01-20T10:05:42","modified_gmt":"2023-01-20T10:05:42","slug":"braga","status":"publish","type":"page","link":"https:\/\/www.abadaportugal.org\/site\/portugal\/braga\/","title":{"rendered":"Braga"},"content":{"rendered":"<p><a href=\"http:\/\/www.abadaportugal.org\/site\/wp-content\/uploads\/2011\/01\/Cascao1.jpg\"><img loading=\"lazy\" decoding=\"async\" class=\"alignleft size-medium wp-image-513\" title=\"Cascao\" src=\"http:\/\/www.abadaportugal.org\/site\/wp-content\/uploads\/2011\/01\/Cascao1-199x300.jpg\" alt=\"\" width=\"199\" height=\"300\" srcset=\"https:\/\/www.abadaportugal.org\/site\/wp-content\/uploads\/2011\/01\/Cascao1-199x300.jpg 199w, https:\/\/www.abadaportugal.org\/site\/wp-content\/uploads\/2011\/01\/Cascao1-681x1024.jpg 681w, https:\/\/www.abadaportugal.org\/site\/wp-content\/uploads\/2011\/01\/Cascao1-99x150.jpg 99w, https:\/\/www.abadaportugal.org\/site\/wp-content\/uploads\/2011\/01\/Cascao1.jpg 682w\" sizes=\"auto, (max-width: 199px) 100vw, 199px\" \/><\/a><\/p>\n<p><strong>Mestrando Casc\u00e3o<\/strong><\/p>\n<p><a href=\"mailto:cascaoabada@gmail.com\">cascaoabada@gmail.com<\/a><\/p>\n<p>Tlm. 00351 934 182 298<\/p>\n<p>Centro de Treinamento &#8220;Dynamic Gym&#8221;<br \/>\nRua de Cam\u00f5es, 129 (em frente \u00e0 Universidade Cat\u00f3lica)<br \/>\nBraga<\/p>\n<p><a href=\"https:\/\/www.instagram.com\/dynamicoldschoolgym\/\" target=\"_blank\" rel=\"noopener\">https:\/\/www.instagram.com\/dynamicoldschoolgym\/<\/a><\/p>\n<p><a href=\"https:\/\/www.instagram.com\/capoeirabadabraga\/\" target=\"_blank\" rel=\"noopener\">https:\/\/www.instagram.com\/capoeirabadabraga\/<\/a><\/p>\n<p>&nbsp;<\/p>\n","protected":false},"excerpt":{"rendered":"<p>Mestrando Casc\u00e3o cascaoabada@gmail.com Tlm. 00351 934 182 298 Centro de Treinamento &#8220;Dynamic Gym&#8221; Rua de Cam\u00f5es, 129 (em frente \u00e0 Universidade Cat\u00f3lica) Braga https:\/\/www.instagram.com\/dynamicoldschoolgym\/ https:\/\/www.instagram.com\/capoeirabadabraga\/ &nbsp;<\/p>\n","protected":false},"author":2,"featured_media":0,"parent":47,"menu_order":0,"comment_status":"closed","ping_status":"open","template":"","meta":{"ngg_post_thumbnail":0,"footnotes":""},"class_list":["post-54","page","type-page","status-publish","hentry"],"_links":{"self":[{"href":"https:\/\/www.abadaportugal.org\/site\/wp-json\/wp\/v2\/pages\/54","targetHints":{"allow":["GET"]}}],"collection":[{"href":"https:\/\/www.abadaportugal.org\/site\/wp-json\/wp\/v2\/pages"}],"about":[{"href":"https:\/\/www.abadaportugal.org\/site\/wp-json\/wp\/v2\/types\/page"}],"author":[{"embeddable":true,"href":"https:\/\/www.abadaportugal.org\/site\/wp-json\/wp\/v2\/users\/2"}],"replies":[{"embeddable":true,"href":"https:\/\/www.abadaportugal.org\/site\/wp-json\/wp\/v2\/comments?post=54"}],"version-history":[{"count":27,"href":"https:\/\/www.abadaportugal.org\/site\/wp-json\/wp\/v2\/pages\/54\/revisions"}],"predecessor-version":[{"id":2277,"href":"https:\/\/www.abadaportugal.org\/site\/wp-json\/wp\/v2\/pages\/54\/revisions\/2277"}],"up":[{"embeddable":true,"href":"https:\/\/www.abadaportugal.org\/site\/wp-json\/wp\/v2\/pages\/47"}],"wp:attachment":[{"href":"https:\/\/www.abadaportugal.org\/site\/wp-json\/wp\/v2\/media?parent=54"}],"curies":[{"name":"wp","href":"https:\/\/api.w.org\/{rel}","templated":true}]}}