{"id":108,"date":"2011-02-07T12:46:59","date_gmt":"2011-02-07T12:46:59","guid":{"rendered":"http:\/\/www.abadaportugal.org\/site\/?page_id=108"},"modified":"2014-01-03T12:22:36","modified_gmt":"2014-01-03T12:22:36","slug":"capoeira","status":"publish","type":"page","link":"https:\/\/www.abadaportugal.org\/site\/abada\/capoeira\/","title":{"rendered":"Capoeira"},"content":{"rendered":"<p style=\"text-align: justify;\">A ABAD\u00c1 CAPOEIRA \u00e9 actualmente uma das maiores divulgadoras da Capoeira, tanto no Brasil quanto no exterior, realizando cursos, semin\u00e1rios, palestras e projectos. Tem representa\u00e7\u00e3o efectiva em todos os estados Brasileiros e 30 pa\u00edses.<\/p>\n<p style=\"text-align: justify;\">A Abad\u00e1-Capoeira entende a capoeira como uma arte interdisciplinar que engloba v\u00e1rios aspectos desportivos, culturais, marciais e art\u00edsticos.<\/p>\n<p style=\"text-align: justify;\">As actividades da ABAD\u00c1-CAPOEIRA, est\u00e3o fundamentadas: Em alguns ensinamentos do Mestre Bimba, no que diz respeito a capoeira Regional, e em alguns da capoeira Angola, unindo-os, para considerar a capoeira como um todo, uma unidade, deixando aberta a criatividade e evolu\u00e7\u00e3o da capoeira. Na preserva\u00e7\u00e3o da tradi\u00e7\u00e3o, fundamento, evolu\u00e7\u00e3o t\u00e9cnica, no cuidado e zelo na confec\u00e7\u00e3o dos instrumentos e uniforme, aprimoramento t\u00e9cnico, respeito m\u00fatuo no trabalho b\u00e1sico do aprendizado, no desequil\u00edbrio, na rapidez de racioc\u00ednio, na neutraliza\u00e7\u00e3o dos ataques por meio de esquivas, velocidade e efici\u00eancia, e principalmente, pela uni\u00e3o dos componentes da ABAD\u00c1.<\/p>\n","protected":false},"excerpt":{"rendered":"<p>A ABAD\u00c1 CAPOEIRA \u00e9 actualmente uma das maiores divulgadoras da Capoeira, tanto no Brasil quanto no exterior, realizando cursos, semin\u00e1rios, palestras e projectos. Tem representa\u00e7\u00e3o efectiva em todos os estados Brasileiros e 30 pa\u00edses. A Abad\u00e1-Capoeira entende a capoeira como<\/p>\n","protected":false},"author":2,"featured_media":0,"parent":106,"menu_order":0,"comment_status":"closed","ping_status":"open","template":"","meta":{"ngg_post_thumbnail":0,"footnotes":""},"class_list":["post-108","page","type-page","status-publish","hentry"],"_links":{"self":[{"href":"https:\/\/www.abadaportugal.org\/site\/wp-json\/wp\/v2\/pages\/108","targetHints":{"allow":["GET"]}}],"collection":[{"href":"https:\/\/www.abadaportugal.org\/site\/wp-json\/wp\/v2\/pages"}],"about":[{"href":"https:\/\/www.abadaportugal.org\/site\/wp-json\/wp\/v2\/types\/page"}],"author":[{"embeddable":true,"href":"https:\/\/www.abadaportugal.org\/site\/wp-json\/wp\/v2\/users\/2"}],"replies":[{"embeddable":true,"href":"https:\/\/www.abadaportugal.org\/site\/wp-json\/wp\/v2\/comments?post=108"}],"version-history":[{"count":4,"href":"https:\/\/www.abadaportugal.org\/site\/wp-json\/wp\/v2\/pages\/108\/revisions"}],"predecessor-version":[{"id":111,"href":"https:\/\/www.abadaportugal.org\/site\/wp-json\/wp\/v2\/pages\/108\/revisions\/111"}],"up":[{"embeddable":true,"href":"https:\/\/www.abadaportugal.org\/site\/wp-json\/wp\/v2\/pages\/106"}],"wp:attachment":[{"href":"https:\/\/www.abadaportugal.org\/site\/wp-json\/wp\/v2\/media?parent=108"}],"curies":[{"name":"wp","href":"https:\/\/api.w.org\/{rel}","templated":true}]}}